{"id":14,"date":"2019-11-09T11:06:21","date_gmt":"2019-11-09T11:06:21","guid":{"rendered":"https:\/\/roli-vonburg.ch\/?page_id=14"},"modified":"2026-04-18T14:00:10","modified_gmt":"2026-04-18T14:00:10","slug":"startseite","status":"publish","type":"page","link":"https:\/\/roli-vonburg.ch\/","title":{"rendered":"Startseite"},"content":{"rendered":"\t\t<div data-elementor-type=\"wp-page\" data-elementor-id=\"14\" class=\"elementor elementor-14\">\n\t\t\t\t\t\t<section class=\"elementor-section elementor-top-section elementor-element elementor-element-31e431b elementor-section-boxed elementor-section-height-default elementor-section-height-default\" data-id=\"31e431b\" data-element_type=\"section\" data-e-type=\"section\">\n\t\t\t\t\t\t<div class=\"elementor-container elementor-column-gap-default\">\n\t\t\t\t\t<div class=\"elementor-column elementor-col-100 elementor-top-column elementor-element elementor-element-bae1a45\" data-id=\"bae1a45\" data-element_type=\"column\" data-e-type=\"column\">\n\t\t\t<div class=\"elementor-widget-wrap elementor-element-populated\">\n\t\t\t\t\t\t<div class=\"elementor-element elementor-element-35d4717 elementor-widget elementor-widget-spacer\" data-id=\"35d4717\" data-element_type=\"widget\" data-e-type=\"widget\" data-widget_type=\"spacer.default\">\n\t\t\t\t<div class=\"elementor-widget-container\">\n\t\t\t\t\t\t\t<div class=\"elementor-spacer\">\n\t\t\t<div class=\"elementor-spacer-inner\"><\/div>\n\t\t<\/div>\n\t\t\t\t\t\t<\/div>\n\t\t\t\t<\/div>\n\t\t\t\t\t<\/div>\n\t\t<\/div>\n\t\t\t\t\t<\/div>\n\t\t<\/section>\n\t\t\t\t<section class=\"elementor-section elementor-top-section elementor-element elementor-element-68433db elementor-section-boxed elementor-section-height-default elementor-section-height-default\" data-id=\"68433db\" data-element_type=\"section\" data-e-type=\"section\">\n\t\t\t\t\t\t<div class=\"elementor-container elementor-column-gap-default\">\n\t\t\t\t\t<div class=\"elementor-column elementor-col-100 elementor-top-column elementor-element elementor-element-e9e3ae7\" data-id=\"e9e3ae7\" data-element_type=\"column\" data-e-type=\"column\">\n\t\t\t<div class=\"elementor-widget-wrap elementor-element-populated\">\n\t\t\t\t\t\t<div class=\"elementor-element elementor-element-d4faa1d elementor-widget elementor-widget-image\" data-id=\"d4faa1d\" data-element_type=\"widget\" data-e-type=\"widget\" data-widget_type=\"image.default\">\n\t\t\t\t<div class=\"elementor-widget-container\">\n\t\t\t\t\t\t\t\t\t\t\t\t\t\t\t<img decoding=\"async\" src=\"https:\/\/roli-vonburg.ch\/wp-content\/uploads\/elementor\/thumbs\/IMG_0574-pd558fq4xyts4sxsido63mrddwrrjpz31bg02sov48.jpg\" title=\"IMG_0574\" alt=\"IMG_0574\" loading=\"lazy\" \/>\t\t\t\t\t\t\t\t\t\t\t\t\t\t\t<\/div>\n\t\t\t\t<\/div>\n\t\t\t\t<div class=\"elementor-element elementor-element-7e8b0df elementor-widget elementor-widget-text-editor\" data-id=\"7e8b0df\" data-element_type=\"widget\" data-e-type=\"widget\" data-widget_type=\"text-editor.default\">\n\t\t\t\t<div class=\"elementor-widget-container\">\n\t\t\t\t\t\t\t\t\t<h1>Ich helfe Ihnen gerne<\/h1>\n<p>Liebe Besucher<\/p>\n<p>Sie suchen eine Musikformation f\u00fcr Ihren Geburtstag, Hochzeitsap\u00e9ro, Firmenanlass, Klassentreffen oder irgend einen Anlass? Gerne stelle ich f\u00fcr Sie eine Band zusammen, die Ihren pers\u00f6nlichen W\u00fcnschen entspricht. Unser Angebot ist vielf\u00e4ltig. Schauen Sie sich auf meiner Seite um. Bestimmt wird Ihnen etwas gefallen.<\/p>\n<p>Gerne helfe ich Ihnen auch in Ihrer Band aus.<\/p>\n<p>Zu meiner Person:<\/p>\n<p>Seit der dritten Klasse spiele ich Klarinette. Sp\u00e4ter kamen dann Saxofon, Banjo und Tenorgitarre dazu. Meine Erfahrungen erarbeitete ich in vielen Formationen. Es sind dies: Kadettenmusik Zug, Omikron Big Band Zug, Stadtmusik Zug, Oberwiler Dorfmusik, M\u00fclibachwyber Oberwil, Quaker H\u00fcnenberg, Red Garter Dixieland Band Cham, Trio B\u00fcgel-Spez Baar, Gr\u00fcmpelb\u00e4nd Goldau, Roli&#8217;s Jazz-Band und DLK Dixiel\u00e4ndler kunterbunt.<\/p>\n<p><span style=\"color: var( --e-global-color-text ); font-family: var( --e-global-typography-text-font-family ), Sans-serif; font-weight: var( --e-global-typography-text-font-weight );\">Am liebsten helfe ich in Bands aus und spiele nach M\u00f6glichkeit ohne Noten. Eine Chiffrierung reicht mir. Sehr gerne spiele ich auch die zweite Klarinette!<\/span><\/p>\n<p>Nehmen Sie einfach mit mir Kontakt auf. Ich helfe Ihnen gerne.<\/p>\t\t\t\t\t\t\t\t<\/div>\n\t\t\t\t<\/div>\n\t\t\t\t<div class=\"elementor-element elementor-element-0cccc88 elementor-widget-divider--view-line elementor-widget elementor-widget-divider\" data-id=\"0cccc88\" data-element_type=\"widget\" data-e-type=\"widget\" data-widget_type=\"divider.default\">\n\t\t\t\t<div class=\"elementor-widget-container\">\n\t\t\t\t\t\t\t<div class=\"elementor-divider\">\n\t\t\t<span class=\"elementor-divider-separator\">\n\t\t\t\t\t\t<\/span>\n\t\t<\/div>\n\t\t\t\t\t\t<\/div>\n\t\t\t\t<\/div>\n\t\t\t\t\t<\/div>\n\t\t<\/div>\n\t\t\t\t\t<\/div>\n\t\t<\/section>\n\t\t\t\t<section class=\"elementor-section elementor-top-section elementor-element elementor-element-85783e0 elementor-section-boxed elementor-section-height-default elementor-section-height-default\" data-id=\"85783e0\" data-element_type=\"section\" data-e-type=\"section\">\n\t\t\t\t\t\t<div class=\"elementor-container elementor-column-gap-default\">\n\t\t\t\t\t<div class=\"elementor-column elementor-col-100 elementor-top-column elementor-element elementor-element-5b2b707\" data-id=\"5b2b707\" data-element_type=\"column\" data-e-type=\"column\">\n\t\t\t<div class=\"elementor-widget-wrap elementor-element-populated\">\n\t\t\t\t\t\t\t<\/div>\n\t\t<\/div>\n\t\t\t\t\t<\/div>\n\t\t<\/section>\n\t\t\t\t<section class=\"elementor-section elementor-top-section elementor-element elementor-element-5728551 elementor-section-height-min-height elementor-section-boxed elementor-section-height-default elementor-section-items-middle\" data-id=\"5728551\" data-element_type=\"section\" data-e-type=\"section\">\n\t\t\t\t\t\t<div class=\"elementor-container elementor-column-gap-default\">\n\t\t\t\t\t<div class=\"elementor-column elementor-col-100 elementor-top-column elementor-element elementor-element-85e3732\" data-id=\"85e3732\" data-element_type=\"column\" data-e-type=\"column\">\n\t\t\t<div class=\"elementor-widget-wrap elementor-element-populated\">\n\t\t\t\t\t\t<div class=\"elementor-element elementor-element-f874925 elementor-widget elementor-widget-text-editor\" data-id=\"f874925\" data-element_type=\"widget\" data-e-type=\"widget\" data-widget_type=\"text-editor.default\">\n\t\t\t\t<div class=\"elementor-widget-container\">\n\t\t\t\t\t\t\t\t\t<h4>Roli von Burg<\/h4>\n<h4>Chamerstrasse 31<\/h4>\n<h4>6331 H\u00fcnenberg<\/h4>\n<h4>041 780 93 16<\/h4>\t\t\t\t\t\t\t\t<\/div>\n\t\t\t\t<\/div>\n\t\t\t\t<div class=\"elementor-element elementor-element-1ac006e elementor-widget elementor-widget-button\" data-id=\"1ac006e\" data-element_type=\"widget\" data-e-type=\"widget\" data-widget_type=\"button.default\">\n\t\t\t\t<div class=\"elementor-widget-container\">\n\t\t\t\t\t\t\t\t\t<div class=\"elementor-button-wrapper\">\n\t\t\t\t\t<a class=\"elementor-button elementor-button-link elementor-size-sm\" href=\"mailto:info@roli-vonburg.ch\">\n\t\t\t\t\t\t<span class=\"elementor-button-content-wrapper\">\n\t\t\t\t\t\t<span class=\"elementor-button-icon\">\n\t\t\t\t<i aria-hidden=\"true\" class=\"far fa-envelope\"><\/i>\t\t\t<\/span>\n\t\t\t\t\t\t\t\t\t<span class=\"elementor-button-text\">Mail<\/span>\n\t\t\t\t\t<\/span>\n\t\t\t\t\t<\/a>\n\t\t\t\t<\/div>\n\t\t\t\t\t\t\t\t<\/div>\n\t\t\t\t<\/div>\n\t\t\t\t<div class=\"elementor-element elementor-element-4ee5656 elementor-widget-divider--view-line elementor-widget elementor-widget-divider\" data-id=\"4ee5656\" data-element_type=\"widget\" data-e-type=\"widget\" data-widget_type=\"divider.default\">\n\t\t\t\t<div class=\"elementor-widget-container\">\n\t\t\t\t\t\t\t<div class=\"elementor-divider\">\n\t\t\t<span class=\"elementor-divider-separator\">\n\t\t\t\t\t\t<\/span>\n\t\t<\/div>\n\t\t\t\t\t\t<\/div>\n\t\t\t\t<\/div>\n\t\t\t\t\t<\/div>\n\t\t<\/div>\n\t\t\t\t\t<\/div>\n\t\t<\/section>\n\t\t\t\t<section class=\"elementor-section elementor-top-section elementor-element elementor-element-ab3eb52 elementor-section-boxed elementor-section-height-default elementor-section-height-default\" data-id=\"ab3eb52\" data-element_type=\"section\" data-e-type=\"section\">\n\t\t\t\t\t\t<div class=\"elementor-container elementor-column-gap-default\">\n\t\t\t\t\t<div class=\"elementor-column elementor-col-100 elementor-top-column elementor-element elementor-element-f12076d\" data-id=\"f12076d\" data-element_type=\"column\" data-e-type=\"column\">\n\t\t\t<div class=\"elementor-widget-wrap elementor-element-populated\">\n\t\t\t\t\t\t<div class=\"elementor-element elementor-element-511990c elementor-widget elementor-widget-text-editor\" data-id=\"511990c\" data-element_type=\"widget\" data-e-type=\"widget\" data-widget_type=\"text-editor.default\">\n\t\t\t\t<div class=\"elementor-widget-container\">\n\t\t\t\t\t\t\t\t\t<h4>Meine n\u00e4chsten <strong>\u00f6ffentlichen<\/strong> Auftritte:<\/h4><p><strong>29.05.2026, 18:30 Uhr<\/strong>, Restaurant B\u00e4ren Ober\u00e4geri, mit <strong>Roli&#8217;s Jazzband (REHKGA)<\/strong><\/p><p><strong>11.07.2026,18:00 Uhr<\/strong>, Restaurant Waldibr\u00fcggli Emmen, mit <strong>Roli&#8217;s Jazzband (REHKA)<\/strong><\/p><p><strong>01.08.2026, 15:00 Uhr,<\/strong> 1. Augustfeier Baar, mit <strong>kunterbunt DLK<\/strong><\/p><p><strong>21.08.2026, 18:45 Uhr<\/strong>, Gartenfest Stiftung zur Weid Rossau, mit <strong>kunterbunt DLK<\/strong><\/p><p><strong>26.09.2026, 11:30 Uhr<\/strong>, Metzgerei Rogenmoser Baar, mit <strong>Roli&#8217;s Jazzband (REHKGA)<\/strong><\/p><p><strong>15.01.2027, 20:15 Uhr,<\/strong> Keller-Bistro Alte M\u00fchle Huttwil, mit<strong> Roli&#8217;s Jazzband (REHKGA)<\/strong><\/p>\t\t\t\t\t\t\t\t<\/div>\n\t\t\t\t<\/div>\n\t\t\t\t\t<\/div>\n\t\t<\/div>\n\t\t\t\t\t<\/div>\n\t\t<\/section>\n\t\t\t\t<section class=\"elementor-section elementor-top-section elementor-element elementor-element-15fac22 elementor-section-boxed elementor-section-height-default elementor-section-height-default\" data-id=\"15fac22\" data-element_type=\"section\" data-e-type=\"section\">\n\t\t\t\t\t\t<div class=\"elementor-container elementor-column-gap-default\">\n\t\t\t\t\t<div class=\"elementor-column elementor-col-100 elementor-top-column elementor-element elementor-element-e3253ff\" data-id=\"e3253ff\" data-element_type=\"column\" data-e-type=\"column\">\n\t\t\t<div class=\"elementor-widget-wrap elementor-element-populated\">\n\t\t\t\t\t\t<div class=\"elementor-element elementor-element-6dfdef7 elementor-widget-divider--view-line elementor-widget elementor-widget-divider\" data-id=\"6dfdef7\" data-element_type=\"widget\" data-e-type=\"widget\" data-widget_type=\"divider.default\">\n\t\t\t\t<div class=\"elementor-widget-container\">\n\t\t\t\t\t\t\t<div class=\"elementor-divider\">\n\t\t\t<span class=\"elementor-divider-separator\">\n\t\t\t\t\t\t<\/span>\n\t\t<\/div>\n\t\t\t\t\t\t<\/div>\n\t\t\t\t<\/div>\n\t\t\t\t\t<\/div>\n\t\t<\/div>\n\t\t\t\t\t<\/div>\n\t\t<\/section>\n\t\t\t\t<section class=\"elementor-section elementor-top-section elementor-element elementor-element-b15f80e elementor-section-boxed elementor-section-height-default elementor-section-height-default\" data-id=\"b15f80e\" data-element_type=\"section\" data-e-type=\"section\">\n\t\t\t\t\t\t<div class=\"elementor-container elementor-column-gap-default\">\n\t\t\t\t\t<div class=\"elementor-column elementor-col-100 elementor-top-column elementor-element elementor-element-478cecd\" data-id=\"478cecd\" data-element_type=\"column\" data-e-type=\"column\">\n\t\t\t<div class=\"elementor-widget-wrap elementor-element-populated\">\n\t\t\t\t\t\t<div class=\"elementor-element elementor-element-2a3156e elementor-widget elementor-widget-text-editor\" data-id=\"2a3156e\" data-element_type=\"widget\" data-e-type=\"widget\" data-widget_type=\"text-editor.default\">\n\t\t\t\t<div class=\"elementor-widget-container\">\n\t\t\t\t\t\t\t\t\t<p>Copyright &#8211; Roli von Burg<\/p>\t\t\t\t\t\t\t\t<\/div>\n\t\t\t\t<\/div>\n\t\t\t\t\t<\/div>\n\t\t<\/div>\n\t\t\t\t\t<\/div>\n\t\t<\/section>\n\t\t\t\t<\/div>\n\t\t","protected":false},"excerpt":{"rendered":"<p>Ich helfe Ihnen gerne Liebe Besucher Sie suchen eine Musikformation f\u00fcr Ihren Geburtstag, Hochzeitsap\u00e9ro, Firmenanlass, Klassentreffen oder irgend einen Anlass? Gerne stelle ich f\u00fcr Sie eine Band zusammen, die Ihren pers\u00f6nlichen W\u00fcnschen entspricht. Unser Angebot ist vielf\u00e4ltig. Schauen Sie sich auf meiner Seite um. Bestimmt wird Ihnen etwas gefallen. Gerne helfe ich Ihnen auch in [&hellip;]<\/p>\n","protected":false},"author":1,"featured_media":0,"parent":0,"menu_order":0,"comment_status":"closed","ping_status":"closed","template":"","meta":{"footnotes":""},"class_list":["post-14","page","type-page","status-publish","hentry","entry"],"_links":{"self":[{"href":"https:\/\/roli-vonburg.ch\/index.php?rest_route=\/wp\/v2\/pages\/14","targetHints":{"allow":["GET"]}}],"collection":[{"href":"https:\/\/roli-vonburg.ch\/index.php?rest_route=\/wp\/v2\/pages"}],"about":[{"href":"https:\/\/roli-vonburg.ch\/index.php?rest_route=\/wp\/v2\/types\/page"}],"author":[{"embeddable":true,"href":"https:\/\/roli-vonburg.ch\/index.php?rest_route=\/wp\/v2\/users\/1"}],"replies":[{"embeddable":true,"href":"https:\/\/roli-vonburg.ch\/index.php?rest_route=%2Fwp%2Fv2%2Fcomments&post=14"}],"version-history":[{"count":928,"href":"https:\/\/roli-vonburg.ch\/index.php?rest_route=\/wp\/v2\/pages\/14\/revisions"}],"predecessor-version":[{"id":2995,"href":"https:\/\/roli-vonburg.ch\/index.php?rest_route=\/wp\/v2\/pages\/14\/revisions\/2995"}],"wp:attachment":[{"href":"https:\/\/roli-vonburg.ch\/index.php?rest_route=%2Fwp%2Fv2%2Fmedia&parent=14"}],"curies":[{"name":"wp","href":"https:\/\/api.w.org\/{rel}","templated":true}]}}